{"id":15798,"date":"2025-09-22T07:00:17","date_gmt":"2025-09-22T07:00:17","guid":{"rendered":"https:\/\/blissinfinity.space\/?page_id=15798"},"modified":"2026-02-17T18:10:04","modified_gmt":"2026-02-17T18:10:04","slug":"about-us-2","status":"publish","type":"page","link":"https:\/\/blissinfinity.space\/lv\/about-us-2\/","title":{"rendered":"Par mums"},"content":{"rendered":"<div data-elementor-type=\"wp-page\" data-elementor-id=\"15798\" class=\"elementor elementor-15798\">\n\t\t\t\t<div class=\"elementor-element elementor-element-4d9b609f e-flex e-con-boxed e-con e-parent\" data-id=\"4d9b609f\" data-element_type=\"container\" data-e-type=\"container\" data-settings=\"{&quot;background_background&quot;:&quot;classic&quot;}\">\n\t\t\t\t\t<div class=\"e-con-inner\">\n\t\t<div class=\"elementor-element elementor-element-7312910e e-con-full e-flex e-con e-child\" data-id=\"7312910e\" data-element_type=\"container\" data-e-type=\"container\">\n\t\t<div class=\"elementor-element elementor-element-143ec8e1 e-con-full e-flex e-con e-child\" data-id=\"143ec8e1\" data-element_type=\"container\" data-e-type=\"container\">\n\t\t\t\t<div class=\"elementor-element elementor-element-62cfe55f elementor-widget elementor-widget-heading\" data-id=\"62cfe55f\" data-element_type=\"widget\" data-e-type=\"widget\" data-widget_type=\"heading.default\">\n\t\t\t\t\t<h1 class=\"elementor-heading-title elementor-size-default\">Par mums<\/h1>\t\t\t\t<\/div>\n\t\t\t\t<div class=\"elementor-element elementor-element-d8e580e elementor-widget elementor-widget-text-editor\" data-id=\"d8e580e\" data-element_type=\"widget\" data-e-type=\"widget\" data-widget_type=\"text-editor.default\">\n\t\t\t\t\t\t\t\t\t<p>M\u0113s ticam, ka dz\u012bve ir lab\u0101ka ar cukurvati! M\u016bsu cukurvates iek\u0101rtas padara laim\u012bgu ikvienu. \ud83c\udf6d<\/p>\t\t\t\t\t\t\t\t<\/div>\n\t\t\t\t<\/div>\n\t\t\t\t<\/div>\n\t\t\t\t<div class=\"elementor-element elementor-element-414ba934 elementor-widget__width-inherit elementor-absolute elementor-widget elementor-widget-image\" data-id=\"414ba934\" data-element_type=\"widget\" data-e-type=\"widget\" data-settings=\"{&quot;_position&quot;:&quot;absolute&quot;}\" data-widget_type=\"image.default\">\n\t\t\t\t\t\t\t\t\t\t\t\t\t\t\t<img fetchpriority=\"high\" decoding=\"async\" width=\"800\" height=\"356\" src=\"https:\/\/blissinfinity.space\/wp-content\/uploads\/2025\/09\/Asset-111.png\" class=\"attachment-large size-large wp-image-15166\" alt=\"\" srcset=\"https:\/\/blissinfinity.space\/wp-content\/uploads\/2025\/09\/Asset-111.png 844w, https:\/\/blissinfinity.space\/wp-content\/uploads\/2025\/09\/Asset-111-300x134.png 300w, https:\/\/blissinfinity.space\/wp-content\/uploads\/2025\/09\/Asset-111-768x342.png 768w, https:\/\/blissinfinity.space\/wp-content\/uploads\/2025\/09\/Asset-111-600x267.png 600w\" sizes=\"(max-width: 800px) 100vw, 800px\" \/>\t\t\t\t\t\t\t\t\t\t\t\t\t\t\t<\/div>\n\t\t\t\t<div class=\"elementor-element elementor-element-4dd409b0 elementor-widget__width-inherit elementor-absolute elementor-widget elementor-widget-image\" data-id=\"4dd409b0\" data-element_type=\"widget\" data-e-type=\"widget\" data-settings=\"{&quot;_position&quot;:&quot;absolute&quot;}\" data-widget_type=\"image.default\">\n\t\t\t\t\t\t\t\t\t\t\t\t\t\t\t<img decoding=\"async\" width=\"333\" height=\"304\" src=\"https:\/\/blissinfinity.space\/wp-content\/uploads\/2025\/09\/Asset-201.png\" class=\"attachment-large size-large wp-image-15169\" alt=\"\" srcset=\"https:\/\/blissinfinity.space\/wp-content\/uploads\/2025\/09\/Asset-201.png 333w, https:\/\/blissinfinity.space\/wp-content\/uploads\/2025\/09\/Asset-201-300x274.png 300w\" sizes=\"(max-width: 333px) 100vw, 333px\" \/>\t\t\t\t\t\t\t\t\t\t\t\t\t\t\t<\/div>\n\t\t\t\t\t<\/div>\n\t\t\t\t<\/div>\n\t\t<div class=\"elementor-element elementor-element-4074ac54 e-flex e-con-boxed e-con e-parent\" data-id=\"4074ac54\" data-element_type=\"container\" data-e-type=\"container\" data-settings=\"{&quot;background_background&quot;:&quot;classic&quot;}\">\n\t\t\t\t\t<div class=\"e-con-inner\">\n\t\t<div class=\"elementor-element elementor-element-7d4a1a2f e-con-full e-flex e-con e-child\" data-id=\"7d4a1a2f\" data-element_type=\"container\" data-e-type=\"container\">\n\t\t\t\t<div class=\"elementor-element elementor-element-434d3903 elementor-widget elementor-widget-qi_addons_for_elementor_text_marquee\" data-id=\"434d3903\" data-element_type=\"widget\" data-e-type=\"widget\" data-widget_type=\"qi_addons_for_elementor_text_marquee.default\">\n\t\t\t\t<div class=\"elementor-widget-container\">\n\t\t\t\t\t<div class=\"qodef-shortcode qodef-m qodef-qi-text-marquee qodef-layout--default\">\n\t<div class=\"qodef-m-content\">\n\t\t<div class=\"qodef-m-text qodef-text--original\">\n\t\t\t\t\t\t\t<span class=\"qodef-m-text-item elementor-repeater-item-7538f8a\" >\ud83c\udf53 Saldie Mirkl\u012b\u0161i <\/span>\n\t\t\t\t\t\t\t\t\t\t\t<span class=\"qodef-m-text-item elementor-repeater-item-a2baf81\" >\ud83c\udf61 Gar\u0161\u012bga cukurvate <\/span>\n\t\t\t\t\t\t\t\t\t\t\t<span class=\"qodef-m-text-item elementor-repeater-item-847fdaa\" >\ud83c\udf6c T\u012br\u0101 Prieka Deva <\/span>\n\t\t\t\t\t\t\t\t\t\t\t<span class=\"qodef-m-text-item elementor-repeater-item-0482d56\" >\ud83c\udf6d Izbaudi <\/span>\n\t\t\t\t\t\t\t\t\t\t\t<span class=\"qodef-m-text-item elementor-repeater-item-a5c3430\" >\ud83e\ude77 Baudi Prieku <\/span>\n\t\t\t\t\t\t\t\t\t\t\t<span class=\"qodef-m-text-item elementor-repeater-item-d410c0e\" >\ud83c\udf80 P\u0101rsteidzo\u0161i laba <\/span>\n\t\t\t\t\t\t\t\t\t<\/div>\n\t\t<div class=\"qodef-m-text qodef-text--copy\">\n\t\t\t\t\t\t\t<span class=\"qodef-m-text-item elementor-repeater-item-7538f8a\" >\ud83c\udf53 Saldie Mirkl\u012b\u0161i <\/span>\n\t\t\t\t\t\t\t\t\t\t\t<span class=\"qodef-m-text-item elementor-repeater-item-a2baf81\" >\ud83c\udf61 Gar\u0161\u012bga cukurvate <\/span>\n\t\t\t\t\t\t\t\t\t\t\t<span class=\"qodef-m-text-item elementor-repeater-item-847fdaa\" >\ud83c\udf6c T\u012br\u0101 Prieka Deva <\/span>\n\t\t\t\t\t\t\t\t\t\t\t<span class=\"qodef-m-text-item elementor-repeater-item-0482d56\" >\ud83c\udf6d Izbaudi <\/span>\n\t\t\t\t\t\t\t\t\t\t\t<span class=\"qodef-m-text-item elementor-repeater-item-a5c3430\" >\ud83e\ude77 Baudi Prieku <\/span>\n\t\t\t\t\t\t\t\t\t\t\t<span class=\"qodef-m-text-item elementor-repeater-item-d410c0e\" >\ud83c\udf80 P\u0101rsteidzo\u0161i laba <\/span>\n\t\t\t\t\t\t\t\t\t<\/div>\n\t<\/div>\n<\/div>\n\t\t\t\t<\/div>\n\t\t\t\t<\/div>\n\t\t\t\t<\/div>\n\t\t\t\t\t<\/div>\n\t\t\t\t<\/div>\n\t\t<div class=\"elementor-element elementor-element-9d68fc9 e-flex e-con-boxed e-con e-parent\" data-id=\"9d68fc9\" data-element_type=\"container\" data-e-type=\"container\">\n\t\t\t\t\t<div class=\"e-con-inner\">\n\t\t<div class=\"elementor-element elementor-element-fe154bb e-con-full e-flex e-con e-child\" data-id=\"fe154bb\" data-element_type=\"container\" data-e-type=\"container\">\n\t\t<div class=\"elementor-element elementor-element-282a809 e-con-full e-flex e-con e-child\" data-id=\"282a809\" data-element_type=\"container\" data-e-type=\"container\">\n\t\t<div class=\"elementor-element elementor-element-d989ae1 e-con-full e-flex elementor-invisible e-con e-child\" data-id=\"d989ae1\" data-element_type=\"container\" data-e-type=\"container\" data-settings=\"{&quot;animation&quot;:&quot;fadeInUp&quot;}\">\n\t\t<div class=\"elementor-element elementor-element-d07a6a4 e-con-full e-flex e-con e-child\" data-id=\"d07a6a4\" data-element_type=\"container\" data-e-type=\"container\" data-settings=\"{&quot;background_background&quot;:&quot;classic&quot;}\">\n\t\t\t\t<div class=\"elementor-element elementor-element-c2005b9 elementor-widget elementor-widget-spacer\" data-id=\"c2005b9\" data-element_type=\"widget\" data-e-type=\"widget\" data-widget_type=\"spacer.default\">\n\t\t\t\t\t\t\t<div class=\"elementor-spacer\">\n\t\t\t<div class=\"elementor-spacer-inner\"><\/div>\n\t\t<\/div>\n\t\t\t\t\t\t<\/div>\n\t\t<div class=\"elementor-element elementor-element-685ea2f e-con-full e-flex e-con e-child\" data-id=\"685ea2f\" data-element_type=\"container\" data-e-type=\"container\">\n\t\t<div class=\"elementor-element elementor-element-e63e2c9 e-con-full e-flex e-con e-child\" data-id=\"e63e2c9\" data-element_type=\"container\" data-e-type=\"container\" data-settings=\"{&quot;background_background&quot;:&quot;classic&quot;}\">\n\t\t\t\t<div class=\"elementor-element elementor-element-28eb8f4 elementor-widget elementor-widget-text-editor\" data-id=\"28eb8f4\" data-element_type=\"widget\" data-e-type=\"widget\" data-widget_type=\"text-editor.default\">\n\t\t\t\t\t\t\t\t\t<p>Gar\u0161\u012bga cukurvate<\/p>\t\t\t\t\t\t\t\t<\/div>\n\t\t\t\t<\/div>\n\t\t<div class=\"elementor-element elementor-element-b2481ef e-con-full e-flex e-con e-child\" data-id=\"b2481ef\" data-element_type=\"container\" data-e-type=\"container\" data-settings=\"{&quot;background_background&quot;:&quot;classic&quot;}\">\n\t\t\t\t<div class=\"elementor-element elementor-element-0993312 elementor-widget elementor-widget-text-editor\" data-id=\"0993312\" data-element_type=\"widget\" data-e-type=\"widget\" data-widget_type=\"text-editor.default\">\n\t\t\t\t\t\t\t\t\t<p>P\u016bkaina cukurvate<\/p>\t\t\t\t\t\t\t\t<\/div>\n\t\t\t\t<\/div>\n\t\t<div class=\"elementor-element elementor-element-708bef9 e-con-full elementor-hidden-tablet elementor-hidden-mobile e-flex e-con e-child\" data-id=\"708bef9\" data-element_type=\"container\" data-e-type=\"container\" data-settings=\"{&quot;background_background&quot;:&quot;classic&quot;}\">\n\t\t\t\t<div class=\"elementor-element elementor-element-a6d127b elementor-widget elementor-widget-text-editor\" data-id=\"a6d127b\" data-element_type=\"widget\" data-e-type=\"widget\" data-widget_type=\"text-editor.default\">\n\t\t\t\t\t\t\t\t\t<p>Gar\u0161\u012bgi<\/p>\t\t\t\t\t\t\t\t<\/div>\n\t\t\t\t<\/div>\n\t\t<div class=\"elementor-element elementor-element-9d36d49 e-con-full elementor-hidden-tablet elementor-hidden-mobile e-flex e-con e-child\" data-id=\"9d36d49\" data-element_type=\"container\" data-e-type=\"container\" data-settings=\"{&quot;background_background&quot;:&quot;classic&quot;}\">\n\t\t\t\t<div class=\"elementor-element elementor-element-a040f93 elementor-widget elementor-widget-text-editor\" data-id=\"a040f93\" data-element_type=\"widget\" data-e-type=\"widget\" data-widget_type=\"text-editor.default\">\n\t\t\t\t\t\t\t\t\t<p>Cukura ma\u0123ija<\/p>\t\t\t\t\t\t\t\t<\/div>\n\t\t\t\t<\/div>\n\t\t\t\t<\/div>\n\t\t\t\t<\/div>\n\t\t\t\t<\/div>\n\t\t<div class=\"elementor-element elementor-element-5c7980c e-con-full e-flex e-con e-child\" data-id=\"5c7980c\" data-element_type=\"container\" data-e-type=\"container\">\n\t\t\t\t<div class=\"elementor-element elementor-element-cbfbac6 elementor-invisible elementor-widget elementor-widget-heading\" data-id=\"cbfbac6\" data-element_type=\"widget\" data-e-type=\"widget\" data-settings=\"{&quot;_animation&quot;:&quot;fadeInUp&quot;}\" data-widget_type=\"heading.default\">\n\t\t\t\t\t<h2 class=\"elementor-heading-title elementor-size-default\">Rad\u0101m smaidus ar gar\u0161\u012bgu, p\u016bkainu cukurvati.<\/h2>\t\t\t\t<\/div>\n\t\t\t\t<div class=\"elementor-element elementor-element-045bdd2 elementor-invisible elementor-widget elementor-widget-text-editor\" data-id=\"045bdd2\" data-element_type=\"widget\" data-e-type=\"widget\" data-settings=\"{&quot;_animation&quot;:&quot;fadeInUp&quot;}\" data-widget_type=\"text-editor.default\">\n\t\t\t\t\t\t\t\t\t<p data-start=\"676\" data-end=\"1013\"><em data-start=\"676\" data-end=\"1011\">Step into a world of wonder with our cotton candy experience. Each swirl is light, colorful, and crafted to bring out the childlike joy in everyone. You can find us in 7 locations, spreading sweetness wherever we go.\u00a0<\/em><\/p>\t\t\t\t\t\t\t\t<\/div>\n\t\t<div class=\"elementor-element elementor-element-806b1a9 e-con-full e-flex e-con e-child\" data-id=\"806b1a9\" data-element_type=\"container\" data-e-type=\"container\">\n\t\t<div class=\"elementor-element elementor-element-ddf6f0b e-con-full e-flex elementor-invisible e-con e-child\" data-id=\"ddf6f0b\" data-element_type=\"container\" data-e-type=\"container\" data-settings=\"{&quot;background_background&quot;:&quot;gradient&quot;,&quot;animation&quot;:&quot;fadeInUp&quot;}\">\n\t\t<div class=\"elementor-element elementor-element-1665169 e-con-full e-flex e-con e-child\" data-id=\"1665169\" data-element_type=\"container\" data-e-type=\"container\">\n\t\t\t\t<div class=\"elementor-element elementor-element-ea833c4 elementor-widget elementor-widget-heading\" data-id=\"ea833c4\" data-element_type=\"widget\" data-e-type=\"widget\" data-widget_type=\"heading.default\">\n\t\t\t\t\t<h4 class=\"elementor-heading-title elementor-size-default\">Misija<\/h4>\t\t\t\t<\/div>\n\t\t\t\t<div class=\"elementor-element elementor-element-099a39e elementor-widget elementor-widget-text-editor\" data-id=\"099a39e\" data-element_type=\"widget\" data-e-type=\"widget\" data-widget_type=\"text-editor.default\">\n\t\t\t\t\t\t\t\t\t<p data-start=\"1039\" data-end=\"1116\"><em>M\u016bsu misija ir d\u0101v\u0101t smaidus un pozit\u012bvas emocijas ar izcilu apkalpo\u0161anu.<\/em><\/p>\t\t\t\t\t\t\t\t<\/div>\n\t\t\t\t<\/div>\n\t\t<div class=\"elementor-element elementor-element-c040684 e-con-full e-flex e-con e-child\" data-id=\"c040684\" data-element_type=\"container\" data-e-type=\"container\" data-settings=\"{&quot;background_background&quot;:&quot;classic&quot;}\">\n\t\t\t\t<div class=\"elementor-element elementor-element-5613d53 elementor-widget elementor-widget-heading\" data-id=\"5613d53\" data-element_type=\"widget\" data-e-type=\"widget\" data-widget_type=\"heading.default\">\n\t\t\t\t\t<h4 class=\"elementor-heading-title elementor-size-default\">V\u012bzija<\/h4>\t\t\t\t<\/div>\n\t\t\t\t<div class=\"elementor-element elementor-element-5bf2619 elementor-widget elementor-widget-text-editor\" data-id=\"5bf2619\" data-element_type=\"widget\" data-e-type=\"widget\" data-widget_type=\"text-editor.default\">\n\t\t\t\t\t\t\t\t\t<p data-start=\"1136\" data-end=\"1224\"><em data-start=\"1136\" data-end=\"1222\">Izplat\u012bt saldumu un smaidus katru dienu \u2014 pa vienai cukurvatei vienlaikus.<\/em><\/p>\t\t\t\t\t\t\t\t<\/div>\n\t\t\t\t<\/div>\n\t\t\t\t<\/div>\n\t\t<div class=\"elementor-element elementor-element-a3e2995 e-con-full e-flex e-con e-child\" data-id=\"a3e2995\" data-element_type=\"container\" data-e-type=\"container\">\n\t\t\t\t<div class=\"elementor-element elementor-element-81ad92f elementor-invisible elementor-widget elementor-widget-image\" data-id=\"81ad92f\" data-element_type=\"widget\" data-e-type=\"widget\" data-settings=\"{&quot;_animation&quot;:&quot;fadeInUp&quot;}\" data-widget_type=\"image.default\">\n\t\t\t\t\t\t\t\t\t\t\t\t\t\t\t<img decoding=\"async\" width=\"768\" height=\"1024\" src=\"https:\/\/blissinfinity.space\/wp-content\/uploads\/2025\/09\/WhatsApp-Image-2025-09-21-at-19.23.18-768x1024.jpeg\" class=\"attachment-large size-large wp-image-15428\" alt=\"\" srcset=\"https:\/\/blissinfinity.space\/wp-content\/uploads\/2025\/09\/WhatsApp-Image-2025-09-21-at-19.23.18-768x1024.jpeg 768w, https:\/\/blissinfinity.space\/wp-content\/uploads\/2025\/09\/WhatsApp-Image-2025-09-21-at-19.23.18-225x300.jpeg 225w, https:\/\/blissinfinity.space\/wp-content\/uploads\/2025\/09\/WhatsApp-Image-2025-09-21-at-19.23.18-1152x1536.jpeg 1152w, https:\/\/blissinfinity.space\/wp-content\/uploads\/2025\/09\/WhatsApp-Image-2025-09-21-at-19.23.18-600x800.jpeg 600w, https:\/\/blissinfinity.space\/wp-content\/uploads\/2025\/09\/WhatsApp-Image-2025-09-21-at-19.23.18.jpeg 1536w\" sizes=\"(max-width: 768px) 100vw, 768px\" \/>\t\t\t\t\t\t\t\t\t\t\t\t\t\t\t<\/div>\n\t\t\t\t<div class=\"elementor-element elementor-element-cf47bfd elementor-mobile-align-center elementor-invisible elementor-widget elementor-widget-button\" data-id=\"cf47bfd\" data-element_type=\"widget\" data-e-type=\"widget\" data-settings=\"{&quot;_animation&quot;:&quot;fadeInUp&quot;}\" data-widget_type=\"button.default\">\n\t\t\t\t\t\t\t\t\t\t<a class=\"elementor-button elementor-button-link elementor-size-sm elementor-animation-grow\" href=\"https:\/\/blissinfinity.space\/lv\/where-to-find-us\/\">\n\t\t\t\t\t\t<span class=\"elementor-button-content-wrapper\">\n\t\t\t\t\t\t<span class=\"elementor-button-icon\">\n\t\t\t\t<i aria-hidden=\"true\" class=\"fas fa-arrow-circle-right\"><\/i>\t\t\t<\/span>\n\t\t\t\t\t\t\t\t\t<span class=\"elementor-button-text\">Uzzin\u0101t vair\u0101k<\/span>\n\t\t\t\t\t<\/span>\n\t\t\t\t\t<\/a>\n\t\t\t\t\t\t\t\t<\/div>\n\t\t\t\t<\/div>\n\t\t\t\t<\/div>\n\t\t\t\t<\/div>\n\t\t\t\t<\/div>\n\t\t\t\t<div class=\"elementor-element elementor-element-c064551 elementor-widget__width-inherit elementor-absolute elementor-invisible elementor-widget elementor-widget-image\" data-id=\"c064551\" data-element_type=\"widget\" data-e-type=\"widget\" data-settings=\"{&quot;_position&quot;:&quot;absolute&quot;,&quot;_animation&quot;:&quot;zoomIn&quot;}\" data-widget_type=\"image.default\">\n\t\t\t\t\t\t\t\t\t\t\t\t\t\t\t<img decoding=\"async\" width=\"333\" height=\"304\" src=\"https:\/\/blissinfinity.space\/wp-content\/uploads\/2025\/09\/Asset-201.png\" class=\"attachment-large size-large wp-image-15169\" alt=\"\" srcset=\"https:\/\/blissinfinity.space\/wp-content\/uploads\/2025\/09\/Asset-201.png 333w, https:\/\/blissinfinity.space\/wp-content\/uploads\/2025\/09\/Asset-201-300x274.png 300w\" sizes=\"(max-width: 333px) 100vw, 333px\" \/>\t\t\t\t\t\t\t\t\t\t\t\t\t\t\t<\/div>\n\t\t\t\t<\/div>\n\t\t\t\t\t<\/div>\n\t\t\t\t<\/div>\n\t\t<div class=\"elementor-element elementor-element-73aa7edb e-flex e-con-boxed e-con e-parent\" data-id=\"73aa7edb\" data-element_type=\"container\" data-e-type=\"container\">\n\t\t\t\t\t<div class=\"e-con-inner\">\n\t\t<div class=\"elementor-element elementor-element-6d8f455b e-con-full e-flex e-con e-child\" data-id=\"6d8f455b\" data-element_type=\"container\" data-e-type=\"container\">\n\t\t<div class=\"elementor-element elementor-element-19ff84f e-con-full e-flex e-con e-child\" data-id=\"19ff84f\" data-element_type=\"container\" data-e-type=\"container\">\n\t\t<div class=\"elementor-element elementor-element-4b9373aa e-con-full e-flex e-con e-child\" data-id=\"4b9373aa\" data-element_type=\"container\" data-e-type=\"container\">\n\t\t\t\t<div class=\"elementor-element elementor-element-2773d594 elementor-widget elementor-widget-heading\" data-id=\"2773d594\" data-element_type=\"widget\" data-e-type=\"widget\" data-widget_type=\"heading.default\">\n\t\t\t\t\t<h2 class=\"elementor-heading-title elementor-size-default\">M\u016bsu st\u0101sts<\/h2>\t\t\t\t<\/div>\n\t\t\t\t<\/div>\n\t\t<div class=\"elementor-element elementor-element-7b485a0a e-con-full e-flex e-con e-child\" data-id=\"7b485a0a\" data-element_type=\"container\" data-e-type=\"container\">\n\t\t\t\t<\/div>\n\t\t\t\t<\/div>\n\t\t\t\t<\/div>\n\t\t\t\t<div class=\"elementor-element elementor-element-e659ee9 elementor-widget__width-inherit elementor-absolute elementor-widget elementor-widget-image\" data-id=\"e659ee9\" data-element_type=\"widget\" data-e-type=\"widget\" data-settings=\"{&quot;_position&quot;:&quot;absolute&quot;}\" data-widget_type=\"image.default\">\n\t\t\t\t\t\t\t\t\t\t\t\t\t\t\t<img loading=\"lazy\" decoding=\"async\" width=\"500\" height=\"492\" src=\"https:\/\/blissinfinity.space\/wp-content\/uploads\/2025\/09\/Asset-701.png\" class=\"attachment-large size-large wp-image-15186\" alt=\"\" srcset=\"https:\/\/blissinfinity.space\/wp-content\/uploads\/2025\/09\/Asset-701.png 500w, https:\/\/blissinfinity.space\/wp-content\/uploads\/2025\/09\/Asset-701-300x295.png 300w\" sizes=\"(max-width: 500px) 100vw, 500px\" \/>\t\t\t\t\t\t\t\t\t\t\t\t\t\t\t<\/div>\n\t\t\t\t\t<\/div>\n\t\t\t\t<\/div>\n\t\t<div class=\"elementor-element elementor-element-552a7f3 e-flex e-con-boxed e-con e-parent\" data-id=\"552a7f3\" data-element_type=\"container\" data-e-type=\"container\">\n\t\t\t\t\t<div class=\"e-con-inner\">\n\t\t<div class=\"elementor-element elementor-element-7188d0f e-con-full e-flex e-con e-child\" data-id=\"7188d0f\" data-element_type=\"container\" data-e-type=\"container\">\n\t\t\t\t<div class=\"elementor-element elementor-element-24fc7ce elementor-widget elementor-widget-text-editor\" data-id=\"24fc7ce\" data-element_type=\"widget\" data-e-type=\"widget\" data-widget_type=\"text-editor.default\">\n\t\t\t\t\t\t\t\t\t<p data-start=\"105\" data-end=\"344\"><em>Dibin\u0101ti pavisam nesen \u2014 tikai pag\u0101ju\u0161aj\u0101 gad\u0101 \u2014 \u0123imene no Latvijas dev\u0101s ce\u013c\u0101 ar vienk\u0101r\u0161u, bet sirsn\u012bgu sapni: p\u0101rv\u0113rst parastu na\u0161\u0137i par kaut ko patiesi \u012bpa\u0161u. M\u0113s v\u0113l\u0113j\u0101mies atnest prieku, smaidus un mazliet burv\u012bbas ikvien\u0101 ikdienas br\u012bd\u012b.<\/em><\/p><p data-start=\"346\" data-end=\"438\"><em>M\u016bsu misija ir vienk\u0101r\u0161a: <strong data-start=\"369\" data-end=\"436\">rad\u012bt smaidus un saldu cukurvati ar izcilu servisu.<\/strong><\/em><\/p><p data-start=\"440\" data-end=\"760\"><em>No pirm\u0101s dienas mums svar\u012bg\u0101kais ir kvalit\u0101te, rado\u0161ums un prieks. M\u016bsu cukurvates izgatavo\u0161anas ma\u0161\u012bnas p\u0101rv\u0113r\u0161 cukuru gais\u012bg\u0101s, skaisti v\u012bt\u0101s m\u0101ko\u0146u form\u0101s \u2014 svaigi un perfekti katru reizi. Vai t\u0101 b\u016btu dzim\u0161anas diena, k\u0101zas vai vienk\u0101r\u0161i parasta otrdiena \u2014 m\u0113s ticam, ka katram notikumam pien\u0101kas k\u0101ds \u012bpa\u0161s salduma mirklis.<\/em><\/p><p data-start=\"762\" data-end=\"929\"><em>\u0160\u012b nav vienk\u0101r\u0161i cukurvate \u2014 t\u0101 ir pieredze. Gar\u0161u, prieka un laim\u012bgu emociju sajaukums ar m\u012blest\u012bbu, kas rad\u012bts, lai ikviens justos \u012bpa\u0161s.<\/em><\/p>\t\t\t\t\t\t\t\t<\/div>\n\t\t\t\t<\/div>\n\t\t\t\t\t<\/div>\n\t\t\t\t<\/div>\n\t\t\t\t<\/div>\n\t\t\n    <div class=\"xs_social_share_widget xs_share_url after_content \t\tmain_content  wslu-style-1 wslu-share-box-shaped wslu-fill-colored wslu-none wslu-share-horizontal wslu-theme-font-no wslu-main_content\">\n\n\t\t\n        <ul>\n\t\t\t        <\/ul>\n    <\/div>","protected":false},"excerpt":{"rendered":"<p>about us We believe life is better with a little sugar! Our innovative cotton candy machines spin happiness into every cone. \ud83c\udf53 Sweet Moments \ud83c\udf61 Flavor Clouds \ud83c\udf6c Pure Fun \ud83c\udf6d Happiness \ud83e\ude77 Taste Joy \ud83c\udf80 Whimsical Bites \ud83c\udf53 Sweet Moments \ud83c\udf61 Flavor Clouds \ud83c\udf6c Pure Fun \ud83c\udf6d Happiness \ud83e\ude77 Taste Joy \ud83c\udf80 Whimsical Bites [&hellip;]<\/p>","protected":false},"author":1,"featured_media":0,"parent":0,"menu_order":0,"comment_status":"closed","ping_status":"closed","template":"","meta":{"footnotes":""},"class_list":["post-15798","page","type-page","status-publish","hentry"],"_links":{"self":[{"href":"https:\/\/blissinfinity.space\/lv\/wp-json\/wp\/v2\/pages\/15798","targetHints":{"allow":["GET"]}}],"collection":[{"href":"https:\/\/blissinfinity.space\/lv\/wp-json\/wp\/v2\/pages"}],"about":[{"href":"https:\/\/blissinfinity.space\/lv\/wp-json\/wp\/v2\/types\/page"}],"author":[{"embeddable":true,"href":"https:\/\/blissinfinity.space\/lv\/wp-json\/wp\/v2\/users\/1"}],"replies":[{"embeddable":true,"href":"https:\/\/blissinfinity.space\/lv\/wp-json\/wp\/v2\/comments?post=15798"}],"version-history":[{"count":86,"href":"https:\/\/blissinfinity.space\/lv\/wp-json\/wp\/v2\/pages\/15798\/revisions"}],"predecessor-version":[{"id":16093,"href":"https:\/\/blissinfinity.space\/lv\/wp-json\/wp\/v2\/pages\/15798\/revisions\/16093"}],"wp:attachment":[{"href":"https:\/\/blissinfinity.space\/lv\/wp-json\/wp\/v2\/media?parent=15798"}],"curies":[{"name":"wp","href":"https:\/\/api.w.org\/{rel}","templated":true}]}}